{"id":318,"date":"2025-06-16T18:37:43","date_gmt":"2025-06-16T18:37:43","guid":{"rendered":"https:\/\/jaguarplasticos.com.br\/?page_id=318"},"modified":"2025-10-11T18:40:29","modified_gmt":"2025-10-11T18:40:29","slug":"trabalhe-conosco","status":"publish","type":"page","link":"https:\/\/jaguarplasticos.com.br\/es\/trabalhe-conosco\/","title":{"rendered":"Trabaja con nosotros"},"content":{"rendered":"<div data-elementor-type=\"wp-page\" data-elementor-id=\"318\" class=\"elementor elementor-318\" data-elementor-post-type=\"page\">\n\t\t\t\t<div class=\"elementor-element elementor-element-023ffe0 e-flex e-con-boxed e-con e-parent\" data-id=\"023ffe0\" data-element_type=\"container\">\n\t\t\t\t\t<div class=\"e-con-inner\">\n\t\t<div class=\"elementor-element elementor-element-3d4fda2 e-con-full e-flex e-con e-child\" data-id=\"3d4fda2\" data-element_type=\"container\">\n\t\t\t\t<div class=\"elementor-element elementor-element-6f12612 elementor-widget elementor-widget-image\" data-id=\"6f12612\" data-element_type=\"widget\" data-widget_type=\"image.default\">\n\t\t\t\t<div class=\"elementor-widget-container\">\n\t\t\t\t\t\t\t\t\t\t\t\t\t\t\t<img fetchpriority=\"high\" decoding=\"async\" width=\"800\" height=\"419\" src=\"https:\/\/jaguarplasticos.com.br\/wp-content\/uploads\/2025\/09\/ajustes_novos-sites_2025-JP.pptx-e1757592353485-1024x536.jpg\" class=\"attachment-large size-large wp-image-17067\" alt=\"\" srcset=\"https:\/\/jaguarplasticos.com.br\/wp-content\/uploads\/2025\/09\/ajustes_novos-sites_2025-JP.pptx-e1757592353485-1024x536.jpg 1024w, https:\/\/jaguarplasticos.com.br\/wp-content\/uploads\/2025\/09\/ajustes_novos-sites_2025-JP.pptx-e1757592353485-300x157.jpg 300w, https:\/\/jaguarplasticos.com.br\/wp-content\/uploads\/2025\/09\/ajustes_novos-sites_2025-JP.pptx-e1757592353485-768x402.jpg 768w, https:\/\/jaguarplasticos.com.br\/wp-content\/uploads\/2025\/09\/ajustes_novos-sites_2025-JP.pptx-e1757592353485-1536x804.jpg 1536w, https:\/\/jaguarplasticos.com.br\/wp-content\/uploads\/2025\/09\/ajustes_novos-sites_2025-JP.pptx-e1757592353485.jpg 1920w\" sizes=\"(max-width: 800px) 100vw, 800px\" \/>\t\t\t\t\t\t\t\t\t\t\t\t\t\t\t<\/div>\n\t\t\t\t<\/div>\n\t\t\t\t<\/div>\n\t\t<div class=\"elementor-element elementor-element-334bea1 e-con-full e-flex e-con e-child\" data-id=\"334bea1\" data-element_type=\"container\">\n\t\t\t\t<div class=\"elementor-element elementor-element-0950887 elementor-widget elementor-widget-heading\" data-id=\"0950887\" data-element_type=\"widget\" data-widget_type=\"heading.default\">\n\t\t\t\t<div class=\"elementor-widget-container\">\n\t\t\t\t\t<h4 class=\"elementor-heading-title elementor-size-default\">TRABAJA CON NOSOTROS\n<\/h4>\t\t\t\t<\/div>\n\t\t\t\t<\/div>\n\t\t\t\t<div class=\"elementor-element elementor-element-35d7fce elementor-widget elementor-widget-heading\" data-id=\"35d7fce\" data-element_type=\"widget\" data-widget_type=\"heading.default\">\n\t\t\t\t<div class=\"elementor-widget-container\">\n\t\t\t\t\t<h4 class=\"elementor-heading-title elementor-size-default\">\u00danase al grupo Jaguar Pl\u00e1sticos\n\n<\/h4>\t\t\t\t<\/div>\n\t\t\t\t<\/div>\n\t\t\t\t<div class=\"elementor-element elementor-element-12a284a7 elementor-widget elementor-widget-text-editor\" data-id=\"12a284a7\" data-element_type=\"widget\" data-widget_type=\"text-editor.default\">\n\t\t\t\t<div class=\"elementor-widget-container\">\n\t\t\t\t\t\t\t\t\t<p>En Jaguar Pl\u00e1sticos valoramos el capital humano como pilar esencial para la excelencia de nuestros productos y servicios. Invertimos constantemente en el desarrollo de nuestros equipos, reconociendo el potencial \u00fanico de cada empleado. Nuestro ambiente de trabajo se rige por principios y valores s\u00f3lidos, proporcionando las mejores condiciones para que nuestros profesionales crezcan y contribuyan a ofrecer la calidad que nuestros clientes esperan.<\/p><p>\u00bfQuieres formar parte de este equipo? Visite nuestro portal de vacantes y descubra las oportunidades a su disposici\u00f3n.<\/p>\t\t\t\t\t\t\t\t<\/div>\n\t\t\t\t<\/div>\n\t\t\t\t<div class=\"elementor-element elementor-element-8cd5d5a elementor-mobile-align-left elementor-widget elementor-widget-button\" data-id=\"8cd5d5a\" data-element_type=\"widget\" data-widget_type=\"button.default\">\n\t\t\t\t<div class=\"elementor-widget-container\">\n\t\t\t\t\t\t\t\t\t<div class=\"elementor-button-wrapper\">\n\t\t\t\t\t<a class=\"elementor-button elementor-button-link elementor-size-sm\" href=\"https:\/\/platform.senior.com.br\/hcmrs\/hcm\/curriculo\/?tenant=jaguar&#038;tenantdomain=jaguar.ind.br#!\/vacancies\/list\">\n\t\t\t\t\t\t<span class=\"elementor-button-content-wrapper\">\n\t\t\t\t\t\t\t\t\t<span class=\"elementor-button-text\">PORTAL DE OFERTAS DE EMPLEO<\/span>\n\t\t\t\t\t<\/span>\n\t\t\t\t\t<\/a>\n\t\t\t\t<\/div>\n\t\t\t\t\t\t\t\t<\/div>\n\t\t\t\t<\/div>\n\t\t\t\t<\/div>\n\t\t\t\t\t<\/div>\n\t\t\t\t<\/div>\n\t\t\t\t<\/div>","protected":false},"excerpt":{"rendered":"<p>TRABALHE CONOSCO Venha fazer parte do Grupo Jaguar Pl\u00e1sticos Na Jaguar Pl\u00e1sticos, valorizamos o capital humano como pilar essencial para a excel\u00eancia de nossos produtos e servi\u00e7os. Investimos constantemente no desenvolvimento de nossas equipes, reconhecendo o potencial \u00fanico de cada colaborador. Nosso ambiente de trabalho \u00e9 guiado por princ\u00edpios e valores s\u00f3lidos, proporcionando as melhores [&hellip;]<\/p>","protected":false},"author":1,"featured_media":0,"parent":0,"menu_order":0,"comment_status":"closed","ping_status":"closed","template":"elementor_header_footer","meta":{"footnotes":""},"class_list":["post-318","page","type-page","status-publish","hentry"],"yoast_head":"<!-- This site is optimized with the Yoast SEO plugin v26.5 - https:\/\/yoast.com\/wordpress\/plugins\/seo\/ -->\n<title>Trabalhe Conosco - Jaguar Pl\u00e1sticos<\/title>\n<meta name=\"robots\" content=\"index, follow, max-snippet:-1, max-image-preview:large, max-video-preview:-1\" \/>\n<link rel=\"canonical\" href=\"https:\/\/jaguarplasticos.com.br\/es\/trabalhe-conosco\/\" \/>\n<meta property=\"og:locale\" content=\"es_ES\" \/>\n<meta property=\"og:type\" content=\"article\" \/>\n<meta property=\"og:title\" content=\"Trabalhe Conosco - Jaguar Pl\u00e1sticos\" \/>\n<meta property=\"og:description\" content=\"TRABALHE CONOSCO Venha fazer parte do Grupo Jaguar Pl\u00e1sticos Na Jaguar Pl\u00e1sticos, valorizamos o capital humano como pilar essencial para a excel\u00eancia de nossos produtos e servi\u00e7os. Investimos constantemente no desenvolvimento de nossas equipes, reconhecendo o potencial \u00fanico de cada colaborador. Nosso ambiente de trabalho \u00e9 guiado por princ\u00edpios e valores s\u00f3lidos, proporcionando as melhores [&hellip;]\" \/>\n<meta property=\"og:url\" content=\"https:\/\/jaguarplasticos.com.br\/es\/trabalhe-conosco\/\" \/>\n<meta property=\"og:site_name\" content=\"Jaguar Pl\u00e1sticos\" \/>\n<meta property=\"article:modified_time\" content=\"2025-10-11T18:40:29+00:00\" \/>\n<meta property=\"og:image\" content=\"https:\/\/jaguarplasticos.com.br\/wp-content\/uploads\/2025\/09\/ajustes_novos-sites_2025-JP.pptx-e1757592353485-1024x536.jpg\" \/>\n<meta name=\"twitter:card\" content=\"summary_large_image\" \/>\n<meta name=\"twitter:label1\" content=\"Tiempo de lectura\" \/>\n\t<meta name=\"twitter:data1\" content=\"1 minuto\" \/>\n<script type=\"application\/ld+json\" class=\"yoast-schema-graph\">{\"@context\":\"https:\/\/schema.org\",\"@graph\":[{\"@type\":\"WebPage\",\"@id\":\"https:\/\/jaguarplasticos.com.br\/trabalhe-conosco\/\",\"url\":\"https:\/\/jaguarplasticos.com.br\/trabalhe-conosco\/\",\"name\":\"Trabalhe Conosco - Jaguar Pl\u00e1sticos\",\"isPartOf\":{\"@id\":\"https:\/\/jaguarplasticos.com.br\/#website\"},\"primaryImageOfPage\":{\"@id\":\"https:\/\/jaguarplasticos.com.br\/trabalhe-conosco\/#primaryimage\"},\"image\":{\"@id\":\"https:\/\/jaguarplasticos.com.br\/trabalhe-conosco\/#primaryimage\"},\"thumbnailUrl\":\"https:\/\/jaguarplasticos.com.br\/wp-content\/uploads\/2025\/09\/ajustes_novos-sites_2025-JP.pptx-e1757592353485-1024x536.jpg\",\"datePublished\":\"2025-06-16T18:37:43+00:00\",\"dateModified\":\"2025-10-11T18:40:29+00:00\",\"breadcrumb\":{\"@id\":\"https:\/\/jaguarplasticos.com.br\/trabalhe-conosco\/#breadcrumb\"},\"inLanguage\":\"es\",\"potentialAction\":[{\"@type\":\"ReadAction\",\"target\":[\"https:\/\/jaguarplasticos.com.br\/trabalhe-conosco\/\"]}]},{\"@type\":\"ImageObject\",\"inLanguage\":\"es\",\"@id\":\"https:\/\/jaguarplasticos.com.br\/trabalhe-conosco\/#primaryimage\",\"url\":\"https:\/\/jaguarplasticos.com.br\/wp-content\/uploads\/2025\/09\/ajustes_novos-sites_2025-JP.pptx-e1757592353485-1024x536.jpg\",\"contentUrl\":\"https:\/\/jaguarplasticos.com.br\/wp-content\/uploads\/2025\/09\/ajustes_novos-sites_2025-JP.pptx-e1757592353485-1024x536.jpg\"},{\"@type\":\"BreadcrumbList\",\"@id\":\"https:\/\/jaguarplasticos.com.br\/trabalhe-conosco\/#breadcrumb\",\"itemListElement\":[{\"@type\":\"ListItem\",\"position\":1,\"name\":\"In\u00edcio\",\"item\":\"https:\/\/jaguarplasticos.com.br\/\"},{\"@type\":\"ListItem\",\"position\":2,\"name\":\"Trabalhe Conosco\"}]},{\"@type\":\"WebSite\",\"@id\":\"https:\/\/jaguarplasticos.com.br\/#website\",\"url\":\"https:\/\/jaguarplasticos.com.br\/\",\"name\":\"Jaguar Pl\u00e1sticos\",\"description\":\"Se \u00e9 Jaguar, t\u00e1 em casa.\",\"publisher\":{\"@id\":\"https:\/\/jaguarplasticos.com.br\/#organization\"},\"potentialAction\":[{\"@type\":\"SearchAction\",\"target\":{\"@type\":\"EntryPoint\",\"urlTemplate\":\"https:\/\/jaguarplasticos.com.br\/?s={search_term_string}\"},\"query-input\":{\"@type\":\"PropertyValueSpecification\",\"valueRequired\":true,\"valueName\":\"search_term_string\"}}],\"inLanguage\":\"es\"},{\"@type\":\"Organization\",\"@id\":\"https:\/\/jaguarplasticos.com.br\/#organization\",\"name\":\"Jaguar Pl\u00e1sticos\",\"url\":\"https:\/\/jaguarplasticos.com.br\/\",\"logo\":{\"@type\":\"ImageObject\",\"inLanguage\":\"es\",\"@id\":\"https:\/\/jaguarplasticos.com.br\/#\/schema\/logo\/image\/\",\"url\":\"https:\/\/jaguarplasticos.com.br\/wp-content\/uploads\/2025\/07\/271314228_1553122688381183_8198029478011754987_n.jpg\",\"contentUrl\":\"https:\/\/jaguarplasticos.com.br\/wp-content\/uploads\/2025\/07\/271314228_1553122688381183_8198029478011754987_n.jpg\",\"width\":1080,\"height\":1080,\"caption\":\"Jaguar Pl\u00e1sticos\"},\"image\":{\"@id\":\"https:\/\/jaguarplasticos.com.br\/#\/schema\/logo\/image\/\"}}]}<\/script>\n<!-- \/ Yoast SEO plugin. -->","yoast_head_json":{"title":"Trabalhe Conosco - Jaguar Pl\u00e1sticos","robots":{"index":"index","follow":"follow","max-snippet":"max-snippet:-1","max-image-preview":"max-image-preview:large","max-video-preview":"max-video-preview:-1"},"canonical":"https:\/\/jaguarplasticos.com.br\/es\/trabalhe-conosco\/","og_locale":"es_ES","og_type":"article","og_title":"Trabalhe Conosco - Jaguar Pl\u00e1sticos","og_description":"TRABALHE CONOSCO Venha fazer parte do Grupo Jaguar Pl\u00e1sticos Na Jaguar Pl\u00e1sticos, valorizamos o capital humano como pilar essencial para a excel\u00eancia de nossos produtos e servi\u00e7os. Investimos constantemente no desenvolvimento de nossas equipes, reconhecendo o potencial \u00fanico de cada colaborador. Nosso ambiente de trabalho \u00e9 guiado por princ\u00edpios e valores s\u00f3lidos, proporcionando as melhores [&hellip;]","og_url":"https:\/\/jaguarplasticos.com.br\/es\/trabalhe-conosco\/","og_site_name":"Jaguar Pl\u00e1sticos","article_modified_time":"2025-10-11T18:40:29+00:00","og_image":[{"url":"https:\/\/jaguarplasticos.com.br\/wp-content\/uploads\/2025\/09\/ajustes_novos-sites_2025-JP.pptx-e1757592353485-1024x536.jpg","type":"","width":"","height":""}],"twitter_card":"summary_large_image","twitter_misc":{"Tiempo de lectura":"1 minuto"},"schema":{"@context":"https:\/\/schema.org","@graph":[{"@type":"WebPage","@id":"https:\/\/jaguarplasticos.com.br\/trabalhe-conosco\/","url":"https:\/\/jaguarplasticos.com.br\/trabalhe-conosco\/","name":"Trabalhe Conosco - Jaguar Pl\u00e1sticos","isPartOf":{"@id":"https:\/\/jaguarplasticos.com.br\/#website"},"primaryImageOfPage":{"@id":"https:\/\/jaguarplasticos.com.br\/trabalhe-conosco\/#primaryimage"},"image":{"@id":"https:\/\/jaguarplasticos.com.br\/trabalhe-conosco\/#primaryimage"},"thumbnailUrl":"https:\/\/jaguarplasticos.com.br\/wp-content\/uploads\/2025\/09\/ajustes_novos-sites_2025-JP.pptx-e1757592353485-1024x536.jpg","datePublished":"2025-06-16T18:37:43+00:00","dateModified":"2025-10-11T18:40:29+00:00","breadcrumb":{"@id":"https:\/\/jaguarplasticos.com.br\/trabalhe-conosco\/#breadcrumb"},"inLanguage":"es","potentialAction":[{"@type":"ReadAction","target":["https:\/\/jaguarplasticos.com.br\/trabalhe-conosco\/"]}]},{"@type":"ImageObject","inLanguage":"es","@id":"https:\/\/jaguarplasticos.com.br\/trabalhe-conosco\/#primaryimage","url":"https:\/\/jaguarplasticos.com.br\/wp-content\/uploads\/2025\/09\/ajustes_novos-sites_2025-JP.pptx-e1757592353485-1024x536.jpg","contentUrl":"https:\/\/jaguarplasticos.com.br\/wp-content\/uploads\/2025\/09\/ajustes_novos-sites_2025-JP.pptx-e1757592353485-1024x536.jpg"},{"@type":"BreadcrumbList","@id":"https:\/\/jaguarplasticos.com.br\/trabalhe-conosco\/#breadcrumb","itemListElement":[{"@type":"ListItem","position":1,"name":"In\u00edcio","item":"https:\/\/jaguarplasticos.com.br\/"},{"@type":"ListItem","position":2,"name":"Trabalhe Conosco"}]},{"@type":"WebSite","@id":"https:\/\/jaguarplasticos.com.br\/#website","url":"https:\/\/jaguarplasticos.com.br\/","name":"Jaguar Pl\u00e1sticos","description":"Si es Jaguar, est\u00e1 en casa.","publisher":{"@id":"https:\/\/jaguarplasticos.com.br\/#organization"},"potentialAction":[{"@type":"SearchAction","target":{"@type":"EntryPoint","urlTemplate":"https:\/\/jaguarplasticos.com.br\/?s={search_term_string}"},"query-input":{"@type":"PropertyValueSpecification","valueRequired":true,"valueName":"search_term_string"}}],"inLanguage":"es"},{"@type":"Organization","@id":"https:\/\/jaguarplasticos.com.br\/#organization","name":"Jaguar Pl\u00e1sticos","url":"https:\/\/jaguarplasticos.com.br\/","logo":{"@type":"ImageObject","inLanguage":"es","@id":"https:\/\/jaguarplasticos.com.br\/#\/schema\/logo\/image\/","url":"https:\/\/jaguarplasticos.com.br\/wp-content\/uploads\/2025\/07\/271314228_1553122688381183_8198029478011754987_n.jpg","contentUrl":"https:\/\/jaguarplasticos.com.br\/wp-content\/uploads\/2025\/07\/271314228_1553122688381183_8198029478011754987_n.jpg","width":1080,"height":1080,"caption":"Jaguar Pl\u00e1sticos"},"image":{"@id":"https:\/\/jaguarplasticos.com.br\/#\/schema\/logo\/image\/"}}]}},"_links":{"self":[{"href":"https:\/\/jaguarplasticos.com.br\/es\/wp-json\/wp\/v2\/pages\/318","targetHints":{"allow":["GET"]}}],"collection":[{"href":"https:\/\/jaguarplasticos.com.br\/es\/wp-json\/wp\/v2\/pages"}],"about":[{"href":"https:\/\/jaguarplasticos.com.br\/es\/wp-json\/wp\/v2\/types\/page"}],"author":[{"embeddable":true,"href":"https:\/\/jaguarplasticos.com.br\/es\/wp-json\/wp\/v2\/users\/1"}],"replies":[{"embeddable":true,"href":"https:\/\/jaguarplasticos.com.br\/es\/wp-json\/wp\/v2\/comments?post=318"}],"version-history":[{"count":0,"href":"https:\/\/jaguarplasticos.com.br\/es\/wp-json\/wp\/v2\/pages\/318\/revisions"}],"wp:attachment":[{"href":"https:\/\/jaguarplasticos.com.br\/es\/wp-json\/wp\/v2\/media?parent=318"}],"curies":[{"name":"wp","href":"https:\/\/api.w.org\/{rel}","templated":true}]}}