{"id":17645,"date":"2025-09-28T22:10:32","date_gmt":"2025-09-28T22:10:32","guid":{"rendered":"https:\/\/jaguarplasticos.com.br\/?page_id=17645"},"modified":"2025-12-09T13:01:04","modified_gmt":"2025-12-09T13:01:04","slug":"jaguar-transforma","status":"publish","type":"page","link":"https:\/\/jaguarplasticos.com.br\/en\/jaguar-transforma\/","title":{"rendered":"Jaguar Transforma"},"content":{"rendered":"<div data-elementor-type=\"wp-page\" data-elementor-id=\"17645\" class=\"elementor elementor-17645\" data-elementor-post-type=\"page\">\n\t\t\t\t<div class=\"elementor-element elementor-element-883a2f7 e-con-full elementor-hidden-mobile e-flex e-con e-parent\" data-id=\"883a2f7\" data-element_type=\"container\" data-settings=\"{&quot;background_background&quot;:&quot;classic&quot;}\">\n\t\t\t\t<div class=\"elementor-element elementor-element-8c1cbe6 elementor-arrows-position-inside elementor-widget elementor-widget-n-carousel\" data-id=\"8c1cbe6\" data-element_type=\"widget\" data-settings=\"{&quot;carousel_items&quot;:[{&quot;_id&quot;:&quot;9543cf3&quot;,&quot;slide_title&quot;:&quot;Slide #2&quot;}],&quot;slides_to_show&quot;:&quot;1&quot;,&quot;slides_to_show_tablet&quot;:&quot;2&quot;,&quot;slides_to_show_mobile&quot;:&quot;1&quot;,&quot;autoplay&quot;:&quot;yes&quot;,&quot;autoplay_speed&quot;:5000,&quot;pause_on_hover&quot;:&quot;yes&quot;,&quot;pause_on_interaction&quot;:&quot;yes&quot;,&quot;infinite&quot;:&quot;yes&quot;,&quot;speed&quot;:500,&quot;offset_sides&quot;:&quot;none&quot;,&quot;arrows&quot;:&quot;yes&quot;,&quot;image_spacing_custom&quot;:{&quot;unit&quot;:&quot;px&quot;,&quot;size&quot;:10,&quot;sizes&quot;:[]},&quot;image_spacing_custom_tablet&quot;:{&quot;unit&quot;:&quot;px&quot;,&quot;size&quot;:&quot;&quot;,&quot;sizes&quot;:[]},&quot;image_spacing_custom_mobile&quot;:{&quot;unit&quot;:&quot;px&quot;,&quot;size&quot;:&quot;&quot;,&quot;sizes&quot;:[]}}\" data-widget_type=\"nested-carousel.default\">\n\t\t\t\t<div class=\"elementor-widget-container\">\n\t\t\t\t\t\t\t<div class=\"e-n-carousel swiper\" role=\"region\" aria-roledescription=\"carousel\" aria-label=\"Carousel\" dir=\"ltr\">\r\n\t\t\t<div class=\"swiper-wrapper\" aria-live=\"off\">\r\n\t\t\t\t\t\t\t\t\t\t<div class=\"swiper-slide\" data-slide=\"1\" role=\"group\" aria-roledescription=\"slide\" aria-label=\"1 of 1\">\r\n\t\t\t\t\t\t\t<div class=\"elementor-element elementor-element-82422d0 e-con-full e-flex e-con e-child\" data-id=\"82422d0\" data-element_type=\"container\">\n\t\t<div class=\"elementor-element elementor-element-93a9d33 e-con-full e-flex e-con e-child\" data-id=\"93a9d33\" data-element_type=\"container\" data-settings=\"{&quot;background_background&quot;:&quot;classic&quot;}\">\n\t\t<div class=\"elementor-element elementor-element-29870c7 e-con-full e-flex elementor-invisible e-con e-child\" data-id=\"29870c7\" data-element_type=\"container\" data-settings=\"{&quot;animation&quot;:&quot;fadeInRight&quot;,&quot;background_background&quot;:&quot;classic&quot;}\">\n\t\t\t\t<div class=\"elementor-element elementor-element-77500b9 elementor-widget elementor-widget-heading\" data-id=\"77500b9\" data-element_type=\"widget\" data-settings=\"{&quot;_animation&quot;:&quot;none&quot;}\" data-widget_type=\"heading.default\">\n\t\t\t\t<div class=\"elementor-widget-container\">\n\t\t\t\t\t<h6 class=\"elementor-heading-title elementor-size-default\">SUSTAINABILITY FOR THE ENVIRONMENT<\/h6>\t\t\t\t<\/div>\n\t\t\t\t<\/div>\n\t\t\t\t<\/div>\n\t\t<div class=\"elementor-element elementor-element-88dd3da e-con-full e-flex elementor-invisible e-con e-child\" data-id=\"88dd3da\" data-element_type=\"container\" data-settings=\"{&quot;animation&quot;:&quot;fadeInLeft&quot;,&quot;background_background&quot;:&quot;classic&quot;}\">\n\t\t\t\t<div class=\"elementor-element elementor-element-fd6f860 elementor-widget elementor-widget-image\" data-id=\"fd6f860\" data-element_type=\"widget\" data-widget_type=\"image.default\">\n\t\t\t\t<div class=\"elementor-widget-container\">\n\t\t\t\t\t\t\t\t\t\t\t\t\t\t\t<img fetchpriority=\"high\" decoding=\"async\" width=\"673\" height=\"500\" src=\"https:\/\/jaguarplasticos.com.br\/wp-content\/uploads\/2025\/10\/TRANSFORMA.png\" class=\"attachment-full size-full wp-image-17765\" alt=\"\" srcset=\"https:\/\/jaguarplasticos.com.br\/wp-content\/uploads\/2025\/10\/TRANSFORMA.png 673w, https:\/\/jaguarplasticos.com.br\/wp-content\/uploads\/2025\/10\/TRANSFORMA-300x223.png 300w, https:\/\/jaguarplasticos.com.br\/wp-content\/uploads\/2025\/10\/TRANSFORMA-16x12.png 16w\" sizes=\"(max-width: 673px) 100vw, 673px\" \/>\t\t\t\t\t\t\t\t\t\t\t\t\t\t\t<\/div>\n\t\t\t\t<\/div>\n\t\t\t\t<\/div>\n\t\t\t\t<\/div>\n\t\t\t\t<\/div>\n\t\t\t\t\t\t\t\t<\/div>\r\n\t\t\t\t\t\t\t\t<\/div>\r\n\t\t<\/div>\r\n\t\t\t\t\t\t<\/div>\n\t\t\t\t<\/div>\n\t\t\t\t<\/div>\n\t\t\t\t<section class=\"elementor-section elementor-top-section elementor-element elementor-element-9934065 elementor-section-height-min-height elementor-section-boxed elementor-section-height-default elementor-section-items-middle\" data-id=\"9934065\" data-element_type=\"section\" data-settings=\"{&quot;background_background&quot;:&quot;classic&quot;}\">\n\t\t\t\t\t\t<div class=\"elementor-container elementor-column-gap-default\">\n\t\t\t\t\t<div class=\"elementor-column elementor-col-100 elementor-top-column elementor-element elementor-element-ddc2ee3\" data-id=\"ddc2ee3\" data-element_type=\"column\">\n\t\t\t<div class=\"elementor-widget-wrap elementor-element-populated\">\n\t\t\t\t\t\t<div class=\"elementor-element elementor-element-3693c4e elementor-widget elementor-widget-heading\" data-id=\"3693c4e\" data-element_type=\"widget\" data-widget_type=\"heading.default\">\n\t\t\t\t<div class=\"elementor-widget-container\">\n\t\t\t\t\t<h2 class=\"elementor-heading-title elementor-size-default\">Jaguar Transforma<\/h2>\t\t\t\t<\/div>\n\t\t\t\t<\/div>\n\t\t\t\t<div class=\"elementor-element elementor-element-8077ecd elementor-widget elementor-widget-text-editor\" data-id=\"8077ecd\" data-element_type=\"widget\" data-widget_type=\"text-editor.default\">\n\t\t\t\t<div class=\"elementor-widget-container\">\n\t\t\t\t\t\t\t\t\t<section class=\"elementor-section elementor-inner-section elementor-element elementor-element-6b4d5c9 elementor-section-boxed elementor-section-height-default elementor-section-height-default\" data-id=\"6b4d5c9\" data-element_type=\"section\"><div class=\"elementor-container elementor-column-gap-default\"><div class=\"elementor-row\"><div class=\"elementor-column elementor-col-100 elementor-inner-column elementor-element elementor-element-549922b\" data-id=\"549922b\" data-element_type=\"column\"><div class=\"elementor-column-wrap elementor-element-populated\"><div class=\"elementor-widget-wrap\"><div class=\"elementor-element elementor-element-e92fa51 elementor-widget elementor-widget-text-editor\" data-id=\"e92fa51\" data-element_type=\"widget\" data-widget_type=\"text-editor.default\"><div class=\"elementor-widget-container\"><div class=\"elementor-text-editor elementor-clearfix\"><p>In this plant, post-consumer waste is converted into <b>raw materials<\/b> <b>sustainable of which<\/b><b>age<\/b>, This makes it possible to manufacture new plastic articles. This process establishes a <b>sustainable cycle<\/b>, contributing to environmental preservation and <b>development of social welfare<\/b>.<\/p><p>Based in <b>S\u00e3o Carlos (SP)<\/b>, a <b>Jaguar Transforma<\/b> is the business unit of <b>Jaguar Pl\u00e1sticos<\/b> specialized in <b>recycling plastic materials<\/b>.<\/p><\/div><\/div><\/div><\/div><\/div><\/div><\/div><\/div><\/section>\t\t\t\t\t\t\t\t<\/div>\n\t\t\t\t<\/div>\n\t\t\t\t\t<\/div>\n\t\t<\/div>\n\t\t\t\t\t<\/div>\n\t\t<\/section>\n\t\t\t\t<\/div>","protected":false},"excerpt":{"rendered":"<p>SUSTAINABILITY FOR THE ENVIRONMENT SUSTAINABILITY FOR THE ENVIRONMENT Jaguar Transforma In this plant, post-consumer waste is converted into sustainable, high-quality raw materials, making it possible to manufacture new plastic articles. This process establishes a sustainable cycle, contributing to environmental preservation and the development of social welfare. Based in S\u00e3o Carlos (SP), [...]<\/p>","protected":false},"author":1,"featured_media":0,"parent":0,"menu_order":0,"comment_status":"closed","ping_status":"closed","template":"elementor_header_footer","meta":{"footnotes":""},"class_list":["post-17645","page","type-page","status-publish","hentry"],"yoast_head":"<!-- This site is optimized with the Yoast SEO plugin v26.5 - https:\/\/yoast.com\/wordpress\/plugins\/seo\/ -->\n<title>Jaguar Transforma - Jaguar Pl\u00e1sticos<\/title>\n<meta name=\"robots\" content=\"index, follow, max-snippet:-1, max-image-preview:large, max-video-preview:-1\" \/>\n<link rel=\"canonical\" href=\"https:\/\/jaguarplasticos.com.br\/en\/jaguar-transforma\/\" \/>\n<meta property=\"og:locale\" content=\"en_US\" \/>\n<meta property=\"og:type\" content=\"article\" \/>\n<meta property=\"og:title\" content=\"Jaguar Transforma - Jaguar Pl\u00e1sticos\" \/>\n<meta property=\"og:description\" content=\"SUSTENTABILIDADE A FAVOR DO MEIO AMBIENTE SUSTENTABILIDADE A FAVOR DO MEIO AMBIENTE Jaguar Transforma Nesta planta, os res\u00edduos p\u00f3s-consumo s\u00e3o convertidos em mat\u00e9rias-prima sustent\u00e1vel de qualidade, possibilitando a fabrica\u00e7\u00e3o de novos artigos pl\u00e1sticos. Tal processo estabelece um ciclo sustent\u00e1vel, contribuindo para a preserva\u00e7\u00e3o ambiental e o desenvolvimento do bem-estar social. Sediada em S\u00e3o Carlos (SP), [&hellip;]\" \/>\n<meta property=\"og:url\" content=\"https:\/\/jaguarplasticos.com.br\/en\/jaguar-transforma\/\" \/>\n<meta property=\"og:site_name\" content=\"Jaguar Pl\u00e1sticos\" \/>\n<meta property=\"article:modified_time\" content=\"2025-12-09T13:01:04+00:00\" \/>\n<meta property=\"og:image\" content=\"https:\/\/jaguarplasticos.com.br\/wp-content\/uploads\/2025\/10\/TRANSFORMA.png\" \/>\n\t<meta property=\"og:image:width\" content=\"673\" \/>\n\t<meta property=\"og:image:height\" content=\"500\" \/>\n\t<meta property=\"og:image:type\" content=\"image\/png\" \/>\n<meta name=\"twitter:card\" content=\"summary_large_image\" \/>\n<meta name=\"twitter:label1\" content=\"Est. reading time\" \/>\n\t<meta name=\"twitter:data1\" content=\"2 minutes\" \/>\n<script type=\"application\/ld+json\" class=\"yoast-schema-graph\">{\"@context\":\"https:\/\/schema.org\",\"@graph\":[{\"@type\":\"WebPage\",\"@id\":\"https:\/\/jaguarplasticos.com.br\/jaguar-transforma\/\",\"url\":\"https:\/\/jaguarplasticos.com.br\/jaguar-transforma\/\",\"name\":\"Jaguar Transforma - Jaguar Pl\u00e1sticos\",\"isPartOf\":{\"@id\":\"https:\/\/jaguarplasticos.com.br\/#website\"},\"primaryImageOfPage\":{\"@id\":\"https:\/\/jaguarplasticos.com.br\/jaguar-transforma\/#primaryimage\"},\"image\":{\"@id\":\"https:\/\/jaguarplasticos.com.br\/jaguar-transforma\/#primaryimage\"},\"thumbnailUrl\":\"https:\/\/jaguarplasticos.com.br\/wp-content\/uploads\/2025\/10\/TRANSFORMA.png\",\"datePublished\":\"2025-09-28T22:10:32+00:00\",\"dateModified\":\"2025-12-09T13:01:04+00:00\",\"breadcrumb\":{\"@id\":\"https:\/\/jaguarplasticos.com.br\/jaguar-transforma\/#breadcrumb\"},\"inLanguage\":\"en-US\",\"potentialAction\":[{\"@type\":\"ReadAction\",\"target\":[\"https:\/\/jaguarplasticos.com.br\/jaguar-transforma\/\"]}]},{\"@type\":\"ImageObject\",\"inLanguage\":\"en-US\",\"@id\":\"https:\/\/jaguarplasticos.com.br\/jaguar-transforma\/#primaryimage\",\"url\":\"https:\/\/jaguarplasticos.com.br\/wp-content\/uploads\/2025\/10\/TRANSFORMA.png\",\"contentUrl\":\"https:\/\/jaguarplasticos.com.br\/wp-content\/uploads\/2025\/10\/TRANSFORMA.png\"},{\"@type\":\"BreadcrumbList\",\"@id\":\"https:\/\/jaguarplasticos.com.br\/jaguar-transforma\/#breadcrumb\",\"itemListElement\":[{\"@type\":\"ListItem\",\"position\":1,\"name\":\"In\u00edcio\",\"item\":\"https:\/\/jaguarplasticos.com.br\/\"},{\"@type\":\"ListItem\",\"position\":2,\"name\":\"Jaguar Transforma\"}]},{\"@type\":\"WebSite\",\"@id\":\"https:\/\/jaguarplasticos.com.br\/#website\",\"url\":\"https:\/\/jaguarplasticos.com.br\/\",\"name\":\"Jaguar Pl\u00e1sticos\",\"description\":\"Se \u00e9 Jaguar, t\u00e1 em casa.\",\"publisher\":{\"@id\":\"https:\/\/jaguarplasticos.com.br\/#organization\"},\"potentialAction\":[{\"@type\":\"SearchAction\",\"target\":{\"@type\":\"EntryPoint\",\"urlTemplate\":\"https:\/\/jaguarplasticos.com.br\/?s={search_term_string}\"},\"query-input\":{\"@type\":\"PropertyValueSpecification\",\"valueRequired\":true,\"valueName\":\"search_term_string\"}}],\"inLanguage\":\"en-US\"},{\"@type\":\"Organization\",\"@id\":\"https:\/\/jaguarplasticos.com.br\/#organization\",\"name\":\"Jaguar Pl\u00e1sticos\",\"url\":\"https:\/\/jaguarplasticos.com.br\/\",\"logo\":{\"@type\":\"ImageObject\",\"inLanguage\":\"en-US\",\"@id\":\"https:\/\/jaguarplasticos.com.br\/#\/schema\/logo\/image\/\",\"url\":\"https:\/\/jaguarplasticos.com.br\/wp-content\/uploads\/2025\/07\/271314228_1553122688381183_8198029478011754987_n.jpg\",\"contentUrl\":\"https:\/\/jaguarplasticos.com.br\/wp-content\/uploads\/2025\/07\/271314228_1553122688381183_8198029478011754987_n.jpg\",\"width\":1080,\"height\":1080,\"caption\":\"Jaguar Pl\u00e1sticos\"},\"image\":{\"@id\":\"https:\/\/jaguarplasticos.com.br\/#\/schema\/logo\/image\/\"}}]}<\/script>\n<!-- \/ Yoast SEO plugin. -->","yoast_head_json":{"title":"Jaguar Transforms - Jaguar Plastics","robots":{"index":"index","follow":"follow","max-snippet":"max-snippet:-1","max-image-preview":"max-image-preview:large","max-video-preview":"max-video-preview:-1"},"canonical":"https:\/\/jaguarplasticos.com.br\/en\/jaguar-transforma\/","og_locale":"en_US","og_type":"article","og_title":"Jaguar Transforma - Jaguar Pl\u00e1sticos","og_description":"SUSTENTABILIDADE A FAVOR DO MEIO AMBIENTE SUSTENTABILIDADE A FAVOR DO MEIO AMBIENTE Jaguar Transforma Nesta planta, os res\u00edduos p\u00f3s-consumo s\u00e3o convertidos em mat\u00e9rias-prima sustent\u00e1vel de qualidade, possibilitando a fabrica\u00e7\u00e3o de novos artigos pl\u00e1sticos. Tal processo estabelece um ciclo sustent\u00e1vel, contribuindo para a preserva\u00e7\u00e3o ambiental e o desenvolvimento do bem-estar social. Sediada em S\u00e3o Carlos (SP), [&hellip;]","og_url":"https:\/\/jaguarplasticos.com.br\/en\/jaguar-transforma\/","og_site_name":"Jaguar Pl\u00e1sticos","article_modified_time":"2025-12-09T13:01:04+00:00","og_image":[{"width":673,"height":500,"url":"https:\/\/jaguarplasticos.com.br\/wp-content\/uploads\/2025\/10\/TRANSFORMA.png","type":"image\/png"}],"twitter_card":"summary_large_image","twitter_misc":{"Est. reading time":"2 minutes"},"schema":{"@context":"https:\/\/schema.org","@graph":[{"@type":"WebPage","@id":"https:\/\/jaguarplasticos.com.br\/jaguar-transforma\/","url":"https:\/\/jaguarplasticos.com.br\/jaguar-transforma\/","name":"Jaguar Transforms - Jaguar Plastics","isPartOf":{"@id":"https:\/\/jaguarplasticos.com.br\/#website"},"primaryImageOfPage":{"@id":"https:\/\/jaguarplasticos.com.br\/jaguar-transforma\/#primaryimage"},"image":{"@id":"https:\/\/jaguarplasticos.com.br\/jaguar-transforma\/#primaryimage"},"thumbnailUrl":"https:\/\/jaguarplasticos.com.br\/wp-content\/uploads\/2025\/10\/TRANSFORMA.png","datePublished":"2025-09-28T22:10:32+00:00","dateModified":"2025-12-09T13:01:04+00:00","breadcrumb":{"@id":"https:\/\/jaguarplasticos.com.br\/jaguar-transforma\/#breadcrumb"},"inLanguage":"en-US","potentialAction":[{"@type":"ReadAction","target":["https:\/\/jaguarplasticos.com.br\/jaguar-transforma\/"]}]},{"@type":"ImageObject","inLanguage":"en-US","@id":"https:\/\/jaguarplasticos.com.br\/jaguar-transforma\/#primaryimage","url":"https:\/\/jaguarplasticos.com.br\/wp-content\/uploads\/2025\/10\/TRANSFORMA.png","contentUrl":"https:\/\/jaguarplasticos.com.br\/wp-content\/uploads\/2025\/10\/TRANSFORMA.png"},{"@type":"BreadcrumbList","@id":"https:\/\/jaguarplasticos.com.br\/jaguar-transforma\/#breadcrumb","itemListElement":[{"@type":"ListItem","position":1,"name":"In\u00edcio","item":"https:\/\/jaguarplasticos.com.br\/"},{"@type":"ListItem","position":2,"name":"Jaguar Transforma"}]},{"@type":"WebSite","@id":"https:\/\/jaguarplasticos.com.br\/#website","url":"https:\/\/jaguarplasticos.com.br\/","name":"Jaguar Pl\u00e1sticos","description":"If it's a Jaguar, it's at home.","publisher":{"@id":"https:\/\/jaguarplasticos.com.br\/#organization"},"potentialAction":[{"@type":"SearchAction","target":{"@type":"EntryPoint","urlTemplate":"https:\/\/jaguarplasticos.com.br\/?s={search_term_string}"},"query-input":{"@type":"PropertyValueSpecification","valueRequired":true,"valueName":"search_term_string"}}],"inLanguage":"en-US"},{"@type":"Organization","@id":"https:\/\/jaguarplasticos.com.br\/#organization","name":"Jaguar Pl\u00e1sticos","url":"https:\/\/jaguarplasticos.com.br\/","logo":{"@type":"ImageObject","inLanguage":"en-US","@id":"https:\/\/jaguarplasticos.com.br\/#\/schema\/logo\/image\/","url":"https:\/\/jaguarplasticos.com.br\/wp-content\/uploads\/2025\/07\/271314228_1553122688381183_8198029478011754987_n.jpg","contentUrl":"https:\/\/jaguarplasticos.com.br\/wp-content\/uploads\/2025\/07\/271314228_1553122688381183_8198029478011754987_n.jpg","width":1080,"height":1080,"caption":"Jaguar Pl\u00e1sticos"},"image":{"@id":"https:\/\/jaguarplasticos.com.br\/#\/schema\/logo\/image\/"}}]}},"_links":{"self":[{"href":"https:\/\/jaguarplasticos.com.br\/en\/wp-json\/wp\/v2\/pages\/17645","targetHints":{"allow":["GET"]}}],"collection":[{"href":"https:\/\/jaguarplasticos.com.br\/en\/wp-json\/wp\/v2\/pages"}],"about":[{"href":"https:\/\/jaguarplasticos.com.br\/en\/wp-json\/wp\/v2\/types\/page"}],"author":[{"embeddable":true,"href":"https:\/\/jaguarplasticos.com.br\/en\/wp-json\/wp\/v2\/users\/1"}],"replies":[{"embeddable":true,"href":"https:\/\/jaguarplasticos.com.br\/en\/wp-json\/wp\/v2\/comments?post=17645"}],"version-history":[{"count":12,"href":"https:\/\/jaguarplasticos.com.br\/en\/wp-json\/wp\/v2\/pages\/17645\/revisions"}],"predecessor-version":[{"id":18063,"href":"https:\/\/jaguarplasticos.com.br\/en\/wp-json\/wp\/v2\/pages\/17645\/revisions\/18063"}],"wp:attachment":[{"href":"https:\/\/jaguarplasticos.com.br\/en\/wp-json\/wp\/v2\/media?parent=17645"}],"curies":[{"name":"wp","href":"https:\/\/api.w.org\/{rel}","templated":true}]}}