{"id":17638,"date":"2025-09-28T22:07:55","date_gmt":"2025-09-28T22:07:55","guid":{"rendered":"https:\/\/jaguarplasticos.com.br\/?page_id=17638"},"modified":"2025-12-09T13:58:11","modified_gmt":"2025-12-09T13:58:11","slug":"jaguar-utilidades","status":"publish","type":"page","link":"https:\/\/jaguarplasticos.com.br\/en\/jaguar-utilidades\/","title":{"rendered":"Jaguar Utilidades"},"content":{"rendered":"<div data-elementor-type=\"wp-page\" data-elementor-id=\"17638\" class=\"elementor elementor-17638\" data-elementor-post-type=\"page\">\n\t\t\t\t<div class=\"elementor-element elementor-element-92fd331 e-con-full elementor-hidden-mobile e-flex e-con e-parent\" data-id=\"92fd331\" data-element_type=\"container\" data-settings=\"{&quot;background_background&quot;:&quot;classic&quot;}\">\n\t\t\t\t<div class=\"elementor-element elementor-element-bb368d0 elementor-arrows-position-inside elementor-widget elementor-widget-n-carousel\" data-id=\"bb368d0\" data-element_type=\"widget\" data-settings=\"{&quot;carousel_items&quot;:[{&quot;_id&quot;:&quot;9543cf3&quot;,&quot;slide_title&quot;:&quot;Slide #2&quot;}],&quot;slides_to_show&quot;:&quot;1&quot;,&quot;slides_to_show_tablet&quot;:&quot;2&quot;,&quot;slides_to_show_mobile&quot;:&quot;1&quot;,&quot;autoplay&quot;:&quot;yes&quot;,&quot;autoplay_speed&quot;:5000,&quot;pause_on_hover&quot;:&quot;yes&quot;,&quot;pause_on_interaction&quot;:&quot;yes&quot;,&quot;infinite&quot;:&quot;yes&quot;,&quot;speed&quot;:500,&quot;offset_sides&quot;:&quot;none&quot;,&quot;arrows&quot;:&quot;yes&quot;,&quot;image_spacing_custom&quot;:{&quot;unit&quot;:&quot;px&quot;,&quot;size&quot;:10,&quot;sizes&quot;:[]},&quot;image_spacing_custom_tablet&quot;:{&quot;unit&quot;:&quot;px&quot;,&quot;size&quot;:&quot;&quot;,&quot;sizes&quot;:[]},&quot;image_spacing_custom_mobile&quot;:{&quot;unit&quot;:&quot;px&quot;,&quot;size&quot;:&quot;&quot;,&quot;sizes&quot;:[]}}\" data-widget_type=\"nested-carousel.default\">\n\t\t\t\t<div class=\"elementor-widget-container\">\n\t\t\t\t\t\t\t<div class=\"e-n-carousel swiper\" role=\"region\" aria-roledescription=\"carousel\" aria-label=\"Carousel\" dir=\"ltr\">\r\n\t\t\t<div class=\"swiper-wrapper\" aria-live=\"off\">\r\n\t\t\t\t\t\t\t\t\t\t<div class=\"swiper-slide\" data-slide=\"1\" role=\"group\" aria-roledescription=\"slide\" aria-label=\"1 of 1\">\r\n\t\t\t\t\t\t\t<div class=\"elementor-element elementor-element-3ba8fa2 e-con-full e-flex e-con e-child\" data-id=\"3ba8fa2\" data-element_type=\"container\">\n\t\t<div class=\"elementor-element elementor-element-4461bf8 e-con-full e-flex e-con e-child\" data-id=\"4461bf8\" data-element_type=\"container\" data-settings=\"{&quot;background_background&quot;:&quot;classic&quot;}\">\n\t\t<div class=\"elementor-element elementor-element-b79c039 e-con-full e-flex elementor-invisible e-con e-child\" data-id=\"b79c039\" data-element_type=\"container\" data-settings=\"{&quot;animation&quot;:&quot;fadeInRight&quot;,&quot;background_background&quot;:&quot;classic&quot;}\">\n\t\t\t\t<div class=\"elementor-element elementor-element-f639460 elementor-widget elementor-widget-heading\" data-id=\"f639460\" data-element_type=\"widget\" data-settings=\"{&quot;_animation&quot;:&quot;none&quot;}\" data-widget_type=\"heading.default\">\n\t\t\t\t<div class=\"elementor-widget-container\">\n\t\t\t\t\t<h6 class=\"elementor-heading-title elementor-size-default\">MAKING IT EASIER TO ORGANIZE YOUR DAY-TO-DAY LIFE<\/h6>\t\t\t\t<\/div>\n\t\t\t\t<\/div>\n\t\t\t\t<\/div>\n\t\t<div class=\"elementor-element elementor-element-1c062ab e-con-full e-flex elementor-invisible e-con e-child\" data-id=\"1c062ab\" data-element_type=\"container\" data-settings=\"{&quot;animation&quot;:&quot;fadeInLeft&quot;,&quot;background_background&quot;:&quot;classic&quot;}\">\n\t\t\t\t<div class=\"elementor-element elementor-element-9ab2bae elementor-widget elementor-widget-image\" data-id=\"9ab2bae\" data-element_type=\"widget\" data-widget_type=\"image.default\">\n\t\t\t\t<div class=\"elementor-widget-container\">\n\t\t\t\t\t\t\t\t\t\t\t\t\t\t\t<img fetchpriority=\"high\" decoding=\"async\" width=\"1147\" height=\"557\" src=\"https:\/\/jaguarplasticos.com.br\/wp-content\/uploads\/2025\/12\/UTILIDADES-1-e1765288664499.png\" class=\"attachment-full size-full wp-image-18111\" alt=\"\" srcset=\"https:\/\/jaguarplasticos.com.br\/wp-content\/uploads\/2025\/12\/UTILIDADES-1-e1765288664499.png 1147w, https:\/\/jaguarplasticos.com.br\/wp-content\/uploads\/2025\/12\/UTILIDADES-1-e1765288664499-300x146.png 300w, https:\/\/jaguarplasticos.com.br\/wp-content\/uploads\/2025\/12\/UTILIDADES-1-e1765288664499-1024x497.png 1024w, https:\/\/jaguarplasticos.com.br\/wp-content\/uploads\/2025\/12\/UTILIDADES-1-e1765288664499-768x373.png 768w, https:\/\/jaguarplasticos.com.br\/wp-content\/uploads\/2025\/12\/UTILIDADES-1-e1765288664499-18x9.png 18w\" sizes=\"(max-width: 1147px) 100vw, 1147px\" \/>\t\t\t\t\t\t\t\t\t\t\t\t\t\t\t<\/div>\n\t\t\t\t<\/div>\n\t\t\t\t<\/div>\n\t\t\t\t<\/div>\n\t\t\t\t<\/div>\n\t\t\t\t\t\t\t\t<\/div>\r\n\t\t\t\t\t\t\t\t<\/div>\r\n\t\t<\/div>\r\n\t\t\t\t\t\t<\/div>\n\t\t\t\t<\/div>\n\t\t\t\t<\/div>\n\t\t\t\t<section class=\"elementor-section elementor-top-section elementor-element elementor-element-64ab4cf elementor-section-height-min-height elementor-section-boxed elementor-section-height-default elementor-section-items-middle\" data-id=\"64ab4cf\" data-element_type=\"section\" data-settings=\"{&quot;background_background&quot;:&quot;classic&quot;}\">\n\t\t\t\t\t\t<div class=\"elementor-container elementor-column-gap-default\">\n\t\t\t\t\t<div class=\"elementor-column elementor-col-100 elementor-top-column elementor-element elementor-element-5564112\" data-id=\"5564112\" data-element_type=\"column\">\n\t\t\t<div class=\"elementor-widget-wrap elementor-element-populated\">\n\t\t\t\t\t\t<div class=\"elementor-element elementor-element-e00db3a elementor-widget elementor-widget-heading\" data-id=\"e00db3a\" data-element_type=\"widget\" data-widget_type=\"heading.default\">\n\t\t\t\t<div class=\"elementor-widget-container\">\n\t\t\t\t\t<h2 class=\"elementor-heading-title elementor-size-default\">Jaguar Utilidades<\/h2>\t\t\t\t<\/div>\n\t\t\t\t<\/div>\n\t\t\t\t<div class=\"elementor-element elementor-element-3455ad0 elementor-widget elementor-widget-text-editor\" data-id=\"3455ad0\" data-element_type=\"widget\" data-widget_type=\"text-editor.default\">\n\t\t\t\t<div class=\"elementor-widget-container\">\n\t\t\t\t\t\t\t\t\t<section class=\"elementor-section elementor-top-section elementor-element elementor-element-8082779 elementor-section-boxed elementor-section-height-default elementor-section-height-default\" data-id=\"8082779\" data-element_type=\"section\"><div class=\"elementor-container elementor-column-gap-default\"><div class=\"elementor-row\"><div class=\"elementor-column elementor-col-100 elementor-top-column elementor-element elementor-element-f31dc66\" data-id=\"f31dc66\" data-element_type=\"column\"><div class=\"elementor-column-wrap elementor-element-populated\"><div class=\"elementor-widget-wrap\"><div class=\"elementor-element elementor-element-9c0c42a elementor-widget__width-initial elementor-widget elementor-widget-text-editor\" data-id=\"9c0c42a\" data-element_type=\"widget\" data-widget_type=\"text-editor.default\"><div class=\"elementor-widget-container\"><div class=\"elementor-text-editor elementor-clearfix\"><p>Jaguar Utilidades is a business unit of Jaguar Pl\u00e1sticos, a pioneer in the production of plastic articles for the housewares segment in Brazil. Its product mix includes items designed to facilitate the organization of homes and businesses in a wide variety of environments, offering a complete range of plastic items for the kitchen, laundry, cleaning and hygiene.<\/p><\/div><\/div><\/div><\/div><\/div><\/div><\/div><\/div><\/section>\t\t\t\t\t\t\t\t<\/div>\n\t\t\t\t<\/div>\n\t\t\t\t<div class=\"elementor-element elementor-element-9bb8429 elementor-widget elementor-widget-button\" data-id=\"9bb8429\" data-element_type=\"widget\" data-widget_type=\"button.default\">\n\t\t\t\t<div class=\"elementor-widget-container\">\n\t\t\t\t\t\t\t\t\t<div class=\"elementor-button-wrapper\">\n\t\t\t\t\t<a class=\"elementor-button elementor-button-link elementor-size-sm\" href=\"https:\/\/jaguarutilidades.com.br\/\">\n\t\t\t\t\t\t<span class=\"elementor-button-content-wrapper\">\n\t\t\t\t\t\t\t\t\t<span class=\"elementor-button-text\">VISIT THE WEBSITE<\/span>\n\t\t\t\t\t<\/span>\n\t\t\t\t\t<\/a>\n\t\t\t\t<\/div>\n\t\t\t\t\t\t\t\t<\/div>\n\t\t\t\t<\/div>\n\t\t\t\t\t<\/div>\n\t\t<\/div>\n\t\t\t\t\t<\/div>\n\t\t<\/section>\n\t\t\t\t<\/div>","protected":false},"excerpt":{"rendered":"<p>MAKING IT EASIER TO ORGANIZE YOUR DAY TO DAY MAKING IT EASIER TO ORGANIZE YOUR DAY TO DAY Jaguar Utilidades Jaguar Utilidades is a business unit of Jaguar Pl\u00e1sticos, a pioneer in the production of plastic articles for the housewares segment in Brazil. Its product mix includes items designed to make it easier to organize [...]<\/p>","protected":false},"author":1,"featured_media":0,"parent":0,"menu_order":0,"comment_status":"closed","ping_status":"closed","template":"elementor_header_footer","meta":{"footnotes":""},"class_list":["post-17638","page","type-page","status-publish","hentry"],"yoast_head":"<!-- This site is optimized with the Yoast SEO plugin v26.5 - https:\/\/yoast.com\/wordpress\/plugins\/seo\/ -->\n<title>Jaguar Utilidades - Jaguar Pl\u00e1sticos<\/title>\n<meta name=\"robots\" content=\"index, follow, max-snippet:-1, max-image-preview:large, max-video-preview:-1\" \/>\n<link rel=\"canonical\" href=\"https:\/\/jaguarplasticos.com.br\/en\/jaguar-utilidades\/\" \/>\n<meta property=\"og:locale\" content=\"en_US\" \/>\n<meta property=\"og:type\" content=\"article\" \/>\n<meta property=\"og:title\" content=\"Jaguar Utilidades - Jaguar Pl\u00e1sticos\" \/>\n<meta property=\"og:description\" content=\"FACILITANDO A ORGANIZA\u00c7\u00c3O DO SEU DIA A DIA FACILITANDO A ORGANIZA\u00c7\u00c3O DO SEU DIA A DIA Jaguar Utilidades A Jaguar Utilidades \u00e9 uma unidade de neg\u00f3cios da Jaguar Pl\u00e1sticos, pioneira na produ\u00e7\u00e3o de artigos pl\u00e1sticos para o segmento de utilidades dom\u00e9sticas no Brasil. Em seu mix de produtos possuem itens que visam facilitar a organiza\u00e7\u00e3o [&hellip;]\" \/>\n<meta property=\"og:url\" content=\"https:\/\/jaguarplasticos.com.br\/en\/jaguar-utilidades\/\" \/>\n<meta property=\"og:site_name\" content=\"Jaguar Pl\u00e1sticos\" \/>\n<meta property=\"article:modified_time\" content=\"2025-12-09T13:58:11+00:00\" \/>\n<meta property=\"og:image\" content=\"https:\/\/jaguarplasticos.com.br\/wp-content\/uploads\/2025\/12\/UTILIDADES-1-e1765288664499.png\" \/>\n\t<meta property=\"og:image:width\" content=\"1147\" \/>\n\t<meta property=\"og:image:height\" content=\"557\" \/>\n\t<meta property=\"og:image:type\" content=\"image\/png\" \/>\n<meta name=\"twitter:card\" content=\"summary_large_image\" \/>\n<meta name=\"twitter:label1\" content=\"Est. reading time\" \/>\n\t<meta name=\"twitter:data1\" content=\"2 minutes\" \/>\n<script type=\"application\/ld+json\" class=\"yoast-schema-graph\">{\"@context\":\"https:\/\/schema.org\",\"@graph\":[{\"@type\":\"WebPage\",\"@id\":\"https:\/\/jaguarplasticos.com.br\/jaguar-utilidades\/\",\"url\":\"https:\/\/jaguarplasticos.com.br\/jaguar-utilidades\/\",\"name\":\"Jaguar Utilidades - Jaguar Pl\u00e1sticos\",\"isPartOf\":{\"@id\":\"https:\/\/jaguarplasticos.com.br\/#website\"},\"primaryImageOfPage\":{\"@id\":\"https:\/\/jaguarplasticos.com.br\/jaguar-utilidades\/#primaryimage\"},\"image\":{\"@id\":\"https:\/\/jaguarplasticos.com.br\/jaguar-utilidades\/#primaryimage\"},\"thumbnailUrl\":\"https:\/\/jaguarplasticos.com.br\/wp-content\/uploads\/2025\/12\/UTILIDADES-1-e1765288664499.png\",\"datePublished\":\"2025-09-28T22:07:55+00:00\",\"dateModified\":\"2025-12-09T13:58:11+00:00\",\"breadcrumb\":{\"@id\":\"https:\/\/jaguarplasticos.com.br\/jaguar-utilidades\/#breadcrumb\"},\"inLanguage\":\"en-US\",\"potentialAction\":[{\"@type\":\"ReadAction\",\"target\":[\"https:\/\/jaguarplasticos.com.br\/jaguar-utilidades\/\"]}]},{\"@type\":\"ImageObject\",\"inLanguage\":\"en-US\",\"@id\":\"https:\/\/jaguarplasticos.com.br\/jaguar-utilidades\/#primaryimage\",\"url\":\"https:\/\/jaguarplasticos.com.br\/wp-content\/uploads\/2025\/12\/UTILIDADES-1-e1765288664499.png\",\"contentUrl\":\"https:\/\/jaguarplasticos.com.br\/wp-content\/uploads\/2025\/12\/UTILIDADES-1-e1765288664499.png\"},{\"@type\":\"BreadcrumbList\",\"@id\":\"https:\/\/jaguarplasticos.com.br\/jaguar-utilidades\/#breadcrumb\",\"itemListElement\":[{\"@type\":\"ListItem\",\"position\":1,\"name\":\"In\u00edcio\",\"item\":\"https:\/\/jaguarplasticos.com.br\/\"},{\"@type\":\"ListItem\",\"position\":2,\"name\":\"Jaguar Utilidades\"}]},{\"@type\":\"WebSite\",\"@id\":\"https:\/\/jaguarplasticos.com.br\/#website\",\"url\":\"https:\/\/jaguarplasticos.com.br\/\",\"name\":\"Jaguar Pl\u00e1sticos\",\"description\":\"Se \u00e9 Jaguar, t\u00e1 em casa.\",\"publisher\":{\"@id\":\"https:\/\/jaguarplasticos.com.br\/#organization\"},\"potentialAction\":[{\"@type\":\"SearchAction\",\"target\":{\"@type\":\"EntryPoint\",\"urlTemplate\":\"https:\/\/jaguarplasticos.com.br\/?s={search_term_string}\"},\"query-input\":{\"@type\":\"PropertyValueSpecification\",\"valueRequired\":true,\"valueName\":\"search_term_string\"}}],\"inLanguage\":\"en-US\"},{\"@type\":\"Organization\",\"@id\":\"https:\/\/jaguarplasticos.com.br\/#organization\",\"name\":\"Jaguar Pl\u00e1sticos\",\"url\":\"https:\/\/jaguarplasticos.com.br\/\",\"logo\":{\"@type\":\"ImageObject\",\"inLanguage\":\"en-US\",\"@id\":\"https:\/\/jaguarplasticos.com.br\/#\/schema\/logo\/image\/\",\"url\":\"https:\/\/jaguarplasticos.com.br\/wp-content\/uploads\/2025\/07\/271314228_1553122688381183_8198029478011754987_n.jpg\",\"contentUrl\":\"https:\/\/jaguarplasticos.com.br\/wp-content\/uploads\/2025\/07\/271314228_1553122688381183_8198029478011754987_n.jpg\",\"width\":1080,\"height\":1080,\"caption\":\"Jaguar Pl\u00e1sticos\"},\"image\":{\"@id\":\"https:\/\/jaguarplasticos.com.br\/#\/schema\/logo\/image\/\"}}]}<\/script>\n<!-- \/ Yoast SEO plugin. -->","yoast_head_json":{"title":"Jaguar Utilities - Jaguar Plastics","robots":{"index":"index","follow":"follow","max-snippet":"max-snippet:-1","max-image-preview":"max-image-preview:large","max-video-preview":"max-video-preview:-1"},"canonical":"https:\/\/jaguarplasticos.com.br\/en\/jaguar-utilidades\/","og_locale":"en_US","og_type":"article","og_title":"Jaguar Utilidades - Jaguar Pl\u00e1sticos","og_description":"FACILITANDO A ORGANIZA\u00c7\u00c3O DO SEU DIA A DIA FACILITANDO A ORGANIZA\u00c7\u00c3O DO SEU DIA A DIA Jaguar Utilidades A Jaguar Utilidades \u00e9 uma unidade de neg\u00f3cios da Jaguar Pl\u00e1sticos, pioneira na produ\u00e7\u00e3o de artigos pl\u00e1sticos para o segmento de utilidades dom\u00e9sticas no Brasil. Em seu mix de produtos possuem itens que visam facilitar a organiza\u00e7\u00e3o [&hellip;]","og_url":"https:\/\/jaguarplasticos.com.br\/en\/jaguar-utilidades\/","og_site_name":"Jaguar Pl\u00e1sticos","article_modified_time":"2025-12-09T13:58:11+00:00","og_image":[{"width":1147,"height":557,"url":"https:\/\/jaguarplasticos.com.br\/wp-content\/uploads\/2025\/12\/UTILIDADES-1-e1765288664499.png","type":"image\/png"}],"twitter_card":"summary_large_image","twitter_misc":{"Est. reading time":"2 minutes"},"schema":{"@context":"https:\/\/schema.org","@graph":[{"@type":"WebPage","@id":"https:\/\/jaguarplasticos.com.br\/jaguar-utilidades\/","url":"https:\/\/jaguarplasticos.com.br\/jaguar-utilidades\/","name":"Jaguar Utilities - Jaguar Plastics","isPartOf":{"@id":"https:\/\/jaguarplasticos.com.br\/#website"},"primaryImageOfPage":{"@id":"https:\/\/jaguarplasticos.com.br\/jaguar-utilidades\/#primaryimage"},"image":{"@id":"https:\/\/jaguarplasticos.com.br\/jaguar-utilidades\/#primaryimage"},"thumbnailUrl":"https:\/\/jaguarplasticos.com.br\/wp-content\/uploads\/2025\/12\/UTILIDADES-1-e1765288664499.png","datePublished":"2025-09-28T22:07:55+00:00","dateModified":"2025-12-09T13:58:11+00:00","breadcrumb":{"@id":"https:\/\/jaguarplasticos.com.br\/jaguar-utilidades\/#breadcrumb"},"inLanguage":"en-US","potentialAction":[{"@type":"ReadAction","target":["https:\/\/jaguarplasticos.com.br\/jaguar-utilidades\/"]}]},{"@type":"ImageObject","inLanguage":"en-US","@id":"https:\/\/jaguarplasticos.com.br\/jaguar-utilidades\/#primaryimage","url":"https:\/\/jaguarplasticos.com.br\/wp-content\/uploads\/2025\/12\/UTILIDADES-1-e1765288664499.png","contentUrl":"https:\/\/jaguarplasticos.com.br\/wp-content\/uploads\/2025\/12\/UTILIDADES-1-e1765288664499.png"},{"@type":"BreadcrumbList","@id":"https:\/\/jaguarplasticos.com.br\/jaguar-utilidades\/#breadcrumb","itemListElement":[{"@type":"ListItem","position":1,"name":"In\u00edcio","item":"https:\/\/jaguarplasticos.com.br\/"},{"@type":"ListItem","position":2,"name":"Jaguar Utilidades"}]},{"@type":"WebSite","@id":"https:\/\/jaguarplasticos.com.br\/#website","url":"https:\/\/jaguarplasticos.com.br\/","name":"Jaguar Pl\u00e1sticos","description":"If it's a Jaguar, it's at home.","publisher":{"@id":"https:\/\/jaguarplasticos.com.br\/#organization"},"potentialAction":[{"@type":"SearchAction","target":{"@type":"EntryPoint","urlTemplate":"https:\/\/jaguarplasticos.com.br\/?s={search_term_string}"},"query-input":{"@type":"PropertyValueSpecification","valueRequired":true,"valueName":"search_term_string"}}],"inLanguage":"en-US"},{"@type":"Organization","@id":"https:\/\/jaguarplasticos.com.br\/#organization","name":"Jaguar Pl\u00e1sticos","url":"https:\/\/jaguarplasticos.com.br\/","logo":{"@type":"ImageObject","inLanguage":"en-US","@id":"https:\/\/jaguarplasticos.com.br\/#\/schema\/logo\/image\/","url":"https:\/\/jaguarplasticos.com.br\/wp-content\/uploads\/2025\/07\/271314228_1553122688381183_8198029478011754987_n.jpg","contentUrl":"https:\/\/jaguarplasticos.com.br\/wp-content\/uploads\/2025\/07\/271314228_1553122688381183_8198029478011754987_n.jpg","width":1080,"height":1080,"caption":"Jaguar Pl\u00e1sticos"},"image":{"@id":"https:\/\/jaguarplasticos.com.br\/#\/schema\/logo\/image\/"}}]}},"_links":{"self":[{"href":"https:\/\/jaguarplasticos.com.br\/en\/wp-json\/wp\/v2\/pages\/17638","targetHints":{"allow":["GET"]}}],"collection":[{"href":"https:\/\/jaguarplasticos.com.br\/en\/wp-json\/wp\/v2\/pages"}],"about":[{"href":"https:\/\/jaguarplasticos.com.br\/en\/wp-json\/wp\/v2\/types\/page"}],"author":[{"embeddable":true,"href":"https:\/\/jaguarplasticos.com.br\/en\/wp-json\/wp\/v2\/users\/1"}],"replies":[{"embeddable":true,"href":"https:\/\/jaguarplasticos.com.br\/en\/wp-json\/wp\/v2\/comments?post=17638"}],"version-history":[{"count":24,"href":"https:\/\/jaguarplasticos.com.br\/en\/wp-json\/wp\/v2\/pages\/17638\/revisions"}],"predecessor-version":[{"id":18114,"href":"https:\/\/jaguarplasticos.com.br\/en\/wp-json\/wp\/v2\/pages\/17638\/revisions\/18114"}],"wp:attachment":[{"href":"https:\/\/jaguarplasticos.com.br\/en\/wp-json\/wp\/v2\/media?parent=17638"}],"curies":[{"name":"wp","href":"https:\/\/api.w.org\/{rel}","templated":true}]}}