{"id":16777,"date":"2025-07-23T22:26:01","date_gmt":"2025-07-23T22:26:01","guid":{"rendered":"https:\/\/jaguarplasticos.com.br\/?page_id=16777"},"modified":"2025-12-09T15:16:24","modified_gmt":"2025-12-09T15:16:24","slug":"codigo-de-conduta","status":"publish","type":"page","link":"https:\/\/jaguarplasticos.com.br\/en\/codigo-de-conduta\/","title":{"rendered":"Code of Conduct"},"content":{"rendered":"<div data-elementor-type=\"wp-page\" data-elementor-id=\"16777\" class=\"elementor elementor-16777\" data-elementor-post-type=\"page\">\n\t\t\t\t<div class=\"elementor-element elementor-element-8e44d01 e-flex e-con-boxed e-con e-parent\" data-id=\"8e44d01\" data-element_type=\"container\" data-settings=\"{&quot;background_background&quot;:&quot;classic&quot;}\">\n\t\t\t\t\t<div class=\"e-con-inner\">\n\t\t\t\t<div class=\"elementor-element elementor-element-43e8fbf elementor-widget elementor-widget-image\" data-id=\"43e8fbf\" data-element_type=\"widget\" data-widget_type=\"image.default\">\n\t\t\t\t<div class=\"elementor-widget-container\">\n\t\t\t\t\t\t\t\t\t\t\t\t\t\t\t<img decoding=\"async\" width=\"351\" height=\"128\" src=\"https:\/\/jaguarplasticos.com.br\/wp-content\/uploads\/2025\/12\/conduta-certa.jpg\" class=\"attachment-full size-full wp-image-18151\" alt=\"\" \/>\t\t\t\t\t\t\t\t\t\t\t\t\t\t\t<\/div>\n\t\t\t\t<\/div>\n\t\t\t\t<div class=\"elementor-element elementor-element-6e3f3ae elementor-widget elementor-widget-text-editor\" data-id=\"6e3f3ae\" data-element_type=\"widget\" data-settings=\"{&quot;_animation&quot;:&quot;none&quot;,&quot;_animation_delay&quot;:240}\" data-widget_type=\"text-editor.default\">\n\t\t\t\t<div class=\"elementor-widget-container\">\n\t\t\t\t\t\t\t\t\t<div class=\"elementor-element elementor-element-338565d elementor-widget elementor-widget-text-editor\" data-id=\"338565d\" data-element_type=\"widget\" data-widget_type=\"text-editor.default\"><div class=\"elementor-widget-container\"><div class=\"elementor-text-editor elementor-clearfix\"><p>We know that ethical behavior is essential to our success. We expect all employees, suppliers and service providers to act with integrity, honesty, responsibility and respect for the rules at all times. We have a Code of Conduct that aims to provide guidance on how we should conduct our actions in the business environment, to ensure quality and transparency in all our relationships.<\/p><\/div><\/div><\/div><div class=\"elementor-element elementor-element-9e02a95 elementor-widget elementor-widget-text-editor\" data-id=\"9e02a95\" data-element_type=\"widget\" data-widget_type=\"text-editor.default\"><div class=\"elementor-widget-container\"><div class=\"elementor-text-editor elementor-clearfix\"><div class=\"elementor-element elementor-element-9e02a95 elementor-widget elementor-widget-text-editor\" data-id=\"9e02a95\" data-element_type=\"widget\" data-widget_type=\"text-editor.default\"><div class=\"elementor-widget-container\"><div class=\"elementor-text-editor elementor-clearfix\"><p>Welcome to\u00a0<strong>Right Conduct<\/strong>.<\/p><p>With the aim of building a\u00a0<strong>safe environment<\/strong>\u00a0and committed to our values, we have created an easily accessible channel for reporting inappropriate situations. A\u00a0<strong>100% confidential communication channel<\/strong>\u00a0and with the aim of helping our employees on a daily basis,\u00a0<strong>even anonymously<\/strong>.<\/p><\/div><\/div><\/div><\/div><\/div><\/div>\t\t\t\t\t\t\t\t<\/div>\n\t\t\t\t<\/div>\n\t\t\t\t<div class=\"elementor-element elementor-element-f0e5ae0 elementor-align-left elementor-mobile-align-left elementor-widget elementor-widget-button\" data-id=\"f0e5ae0\" data-element_type=\"widget\" data-widget_type=\"button.default\">\n\t\t\t\t<div class=\"elementor-widget-container\">\n\t\t\t\t\t\t\t\t\t<div class=\"elementor-button-wrapper\">\n\t\t\t\t\t<a class=\"elementor-button elementor-button-link elementor-size-sm\" href=\"https:\/\/jaguarplasticos.com.br\/wp-content\/uploads\/2025\/10\/7b466fd3-c426-4413-bfcd-d9d95666dad1.pdf\">\n\t\t\t\t\t\t<span class=\"elementor-button-content-wrapper\">\n\t\t\t\t\t\t\t\t\t<span class=\"elementor-button-text\"> Code of Conduct - Download<\/span>\n\t\t\t\t\t<\/span>\n\t\t\t\t\t<\/a>\n\t\t\t\t<\/div>\n\t\t\t\t\t\t\t\t<\/div>\n\t\t\t\t<\/div>\n\t\t\t\t<div class=\"elementor-element elementor-element-0e41b9b elementor-widget elementor-widget-text-editor\" data-id=\"0e41b9b\" data-element_type=\"widget\" data-settings=\"{&quot;_animation&quot;:&quot;none&quot;,&quot;_animation_delay&quot;:240}\" data-widget_type=\"text-editor.default\">\n\t\t\t\t<div class=\"elementor-widget-container\">\n\t\t\t\t\t\t\t\t\t<div class=\"elementor-element elementor-element-338565d elementor-widget elementor-widget-text-editor\" data-id=\"338565d\" data-element_type=\"widget\" data-widget_type=\"text-editor.default\"><div class=\"elementor-widget-container\"><div class=\"elementor-text-editor elementor-clearfix\"><h4>Talk to the Conduta Certa committee.<\/h4><p>Fill in the form so that we can analyze your message quickly and efficiently.<\/p><p>If you prefer, you can send us an e-mail to\u00a0<span style=\"color: #00ccff;\"><a style=\"color: #00ccff;\" href=\"mailto:ouvidoria.jaguar@gmail.com\">ouvidoria.jaguar@gmail.com<\/a>.<\/span><\/p><\/div><\/div><\/div>\t\t\t\t\t\t\t\t<\/div>\n\t\t\t\t<\/div>\n\t\t\t\t<div class=\"elementor-element elementor-element-f9486f5 elementor-align-left elementor-mobile-align-left elementor-widget elementor-widget-button\" data-id=\"f9486f5\" data-element_type=\"widget\" data-widget_type=\"button.default\">\n\t\t\t\t<div class=\"elementor-widget-container\">\n\t\t\t\t\t\t\t\t\t<div class=\"elementor-button-wrapper\">\n\t\t\t\t\t<a class=\"elementor-button elementor-button-link elementor-size-sm\" href=\"https:\/\/jaguarplasticos.com.br\/en\/conduta-certa\/formulario-de-denuncia\/\">\n\t\t\t\t\t\t<span class=\"elementor-button-content-wrapper\">\n\t\t\t\t\t\t\t\t\t<span class=\"elementor-button-text\"> CLICK HERE AND FILL IN THE FORM<\/span>\n\t\t\t\t\t<\/span>\n\t\t\t\t\t<\/a>\n\t\t\t\t<\/div>\n\t\t\t\t\t\t\t\t<\/div>\n\t\t\t\t<\/div>\n\t\t\t\t\t<\/div>\n\t\t\t\t<\/div>\n\t\t\t\t<\/div>","protected":false},"excerpt":{"rendered":"<p>Sabemos que o comportamento \u00e9tico \u00e9 essencial para nosso sucesso. Esperamos que todos os Colaboradores, Fornecedores e Prestadores de servi\u00e7os ajam a todo o momento com integridade, honestidade, responsabilidade e respeito \u00e0s regras. Temos um C\u00f3digo de Conduta que visa orientar sobre a maneira como devemos conduzir nossas a\u00e7\u00f5es no ambiente empresarial, para assegurar qualidade [&hellip;]<\/p>","protected":false},"author":1,"featured_media":0,"parent":0,"menu_order":0,"comment_status":"closed","ping_status":"closed","template":"elementor_header_footer","meta":{"footnotes":""},"class_list":["post-16777","page","type-page","status-publish","hentry"],"yoast_head":"<!-- This site is optimized with the Yoast SEO plugin v26.5 - https:\/\/yoast.com\/wordpress\/plugins\/seo\/ -->\n<title>C\u00f3digo de Conduta - Jaguar Pl\u00e1sticos<\/title>\n<meta name=\"robots\" content=\"index, follow, max-snippet:-1, max-image-preview:large, max-video-preview:-1\" \/>\n<link rel=\"canonical\" href=\"https:\/\/jaguarplasticos.com.br\/en\/codigo-de-conduta\/\" \/>\n<meta property=\"og:locale\" content=\"en_US\" \/>\n<meta property=\"og:type\" content=\"article\" \/>\n<meta property=\"og:title\" content=\"C\u00f3digo de Conduta - Jaguar Pl\u00e1sticos\" \/>\n<meta property=\"og:description\" content=\"Sabemos que o comportamento \u00e9tico \u00e9 essencial para nosso sucesso. Esperamos que todos os Colaboradores, Fornecedores e Prestadores de servi\u00e7os ajam a todo o momento com integridade, honestidade, responsabilidade e respeito \u00e0s regras. Temos um C\u00f3digo de Conduta que visa orientar sobre a maneira como devemos conduzir nossas a\u00e7\u00f5es no ambiente empresarial, para assegurar qualidade [&hellip;]\" \/>\n<meta property=\"og:url\" content=\"https:\/\/jaguarplasticos.com.br\/en\/codigo-de-conduta\/\" \/>\n<meta property=\"og:site_name\" content=\"Jaguar Pl\u00e1sticos\" \/>\n<meta property=\"article:modified_time\" content=\"2025-12-09T15:16:24+00:00\" \/>\n<meta property=\"og:image\" content=\"https:\/\/jaguarplasticos.com.br\/wp-content\/uploads\/2025\/12\/conduta-certa.jpg\" \/>\n\t<meta property=\"og:image:width\" content=\"351\" \/>\n\t<meta property=\"og:image:height\" content=\"128\" \/>\n\t<meta property=\"og:image:type\" content=\"image\/jpeg\" \/>\n<meta name=\"twitter:card\" content=\"summary_large_image\" \/>\n<meta name=\"twitter:label1\" content=\"Est. reading time\" \/>\n\t<meta name=\"twitter:data1\" content=\"3 minutes\" \/>\n<script type=\"application\/ld+json\" class=\"yoast-schema-graph\">{\"@context\":\"https:\/\/schema.org\",\"@graph\":[{\"@type\":\"WebPage\",\"@id\":\"https:\/\/jaguarplasticos.com.br\/codigo-de-conduta\/\",\"url\":\"https:\/\/jaguarplasticos.com.br\/codigo-de-conduta\/\",\"name\":\"C\u00f3digo de Conduta - Jaguar Pl\u00e1sticos\",\"isPartOf\":{\"@id\":\"https:\/\/jaguarplasticos.com.br\/#website\"},\"primaryImageOfPage\":{\"@id\":\"https:\/\/jaguarplasticos.com.br\/codigo-de-conduta\/#primaryimage\"},\"image\":{\"@id\":\"https:\/\/jaguarplasticos.com.br\/codigo-de-conduta\/#primaryimage\"},\"thumbnailUrl\":\"https:\/\/jaguarplasticos.com.br\/wp-content\/uploads\/2025\/12\/conduta-certa.jpg\",\"datePublished\":\"2025-07-23T22:26:01+00:00\",\"dateModified\":\"2025-12-09T15:16:24+00:00\",\"breadcrumb\":{\"@id\":\"https:\/\/jaguarplasticos.com.br\/codigo-de-conduta\/#breadcrumb\"},\"inLanguage\":\"en-US\",\"potentialAction\":[{\"@type\":\"ReadAction\",\"target\":[\"https:\/\/jaguarplasticos.com.br\/codigo-de-conduta\/\"]}]},{\"@type\":\"ImageObject\",\"inLanguage\":\"en-US\",\"@id\":\"https:\/\/jaguarplasticos.com.br\/codigo-de-conduta\/#primaryimage\",\"url\":\"https:\/\/jaguarplasticos.com.br\/wp-content\/uploads\/2025\/12\/conduta-certa.jpg\",\"contentUrl\":\"https:\/\/jaguarplasticos.com.br\/wp-content\/uploads\/2025\/12\/conduta-certa.jpg\"},{\"@type\":\"BreadcrumbList\",\"@id\":\"https:\/\/jaguarplasticos.com.br\/codigo-de-conduta\/#breadcrumb\",\"itemListElement\":[{\"@type\":\"ListItem\",\"position\":1,\"name\":\"In\u00edcio\",\"item\":\"https:\/\/jaguarplasticos.com.br\/\"},{\"@type\":\"ListItem\",\"position\":2,\"name\":\"C\u00f3digo de Conduta\"}]},{\"@type\":\"WebSite\",\"@id\":\"https:\/\/jaguarplasticos.com.br\/#website\",\"url\":\"https:\/\/jaguarplasticos.com.br\/\",\"name\":\"Jaguar Pl\u00e1sticos\",\"description\":\"Se \u00e9 Jaguar, t\u00e1 em casa.\",\"publisher\":{\"@id\":\"https:\/\/jaguarplasticos.com.br\/#organization\"},\"potentialAction\":[{\"@type\":\"SearchAction\",\"target\":{\"@type\":\"EntryPoint\",\"urlTemplate\":\"https:\/\/jaguarplasticos.com.br\/?s={search_term_string}\"},\"query-input\":{\"@type\":\"PropertyValueSpecification\",\"valueRequired\":true,\"valueName\":\"search_term_string\"}}],\"inLanguage\":\"en-US\"},{\"@type\":\"Organization\",\"@id\":\"https:\/\/jaguarplasticos.com.br\/#organization\",\"name\":\"Jaguar Pl\u00e1sticos\",\"url\":\"https:\/\/jaguarplasticos.com.br\/\",\"logo\":{\"@type\":\"ImageObject\",\"inLanguage\":\"en-US\",\"@id\":\"https:\/\/jaguarplasticos.com.br\/#\/schema\/logo\/image\/\",\"url\":\"https:\/\/jaguarplasticos.com.br\/wp-content\/uploads\/2025\/07\/271314228_1553122688381183_8198029478011754987_n.jpg\",\"contentUrl\":\"https:\/\/jaguarplasticos.com.br\/wp-content\/uploads\/2025\/07\/271314228_1553122688381183_8198029478011754987_n.jpg\",\"width\":1080,\"height\":1080,\"caption\":\"Jaguar Pl\u00e1sticos\"},\"image\":{\"@id\":\"https:\/\/jaguarplasticos.com.br\/#\/schema\/logo\/image\/\"}}]}<\/script>\n<!-- \/ Yoast SEO plugin. -->","yoast_head_json":{"title":"C\u00f3digo de Conduta - Jaguar Pl\u00e1sticos","robots":{"index":"index","follow":"follow","max-snippet":"max-snippet:-1","max-image-preview":"max-image-preview:large","max-video-preview":"max-video-preview:-1"},"canonical":"https:\/\/jaguarplasticos.com.br\/en\/codigo-de-conduta\/","og_locale":"en_US","og_type":"article","og_title":"C\u00f3digo de Conduta - Jaguar Pl\u00e1sticos","og_description":"Sabemos que o comportamento \u00e9tico \u00e9 essencial para nosso sucesso. Esperamos que todos os Colaboradores, Fornecedores e Prestadores de servi\u00e7os ajam a todo o momento com integridade, honestidade, responsabilidade e respeito \u00e0s regras. Temos um C\u00f3digo de Conduta que visa orientar sobre a maneira como devemos conduzir nossas a\u00e7\u00f5es no ambiente empresarial, para assegurar qualidade [&hellip;]","og_url":"https:\/\/jaguarplasticos.com.br\/en\/codigo-de-conduta\/","og_site_name":"Jaguar Pl\u00e1sticos","article_modified_time":"2025-12-09T15:16:24+00:00","og_image":[{"width":351,"height":128,"url":"https:\/\/jaguarplasticos.com.br\/wp-content\/uploads\/2025\/12\/conduta-certa.jpg","type":"image\/jpeg"}],"twitter_card":"summary_large_image","twitter_misc":{"Est. reading time":"3 minutes"},"schema":{"@context":"https:\/\/schema.org","@graph":[{"@type":"WebPage","@id":"https:\/\/jaguarplasticos.com.br\/codigo-de-conduta\/","url":"https:\/\/jaguarplasticos.com.br\/codigo-de-conduta\/","name":"C\u00f3digo de Conduta - Jaguar Pl\u00e1sticos","isPartOf":{"@id":"https:\/\/jaguarplasticos.com.br\/#website"},"primaryImageOfPage":{"@id":"https:\/\/jaguarplasticos.com.br\/codigo-de-conduta\/#primaryimage"},"image":{"@id":"https:\/\/jaguarplasticos.com.br\/codigo-de-conduta\/#primaryimage"},"thumbnailUrl":"https:\/\/jaguarplasticos.com.br\/wp-content\/uploads\/2025\/12\/conduta-certa.jpg","datePublished":"2025-07-23T22:26:01+00:00","dateModified":"2025-12-09T15:16:24+00:00","breadcrumb":{"@id":"https:\/\/jaguarplasticos.com.br\/codigo-de-conduta\/#breadcrumb"},"inLanguage":"en-US","potentialAction":[{"@type":"ReadAction","target":["https:\/\/jaguarplasticos.com.br\/codigo-de-conduta\/"]}]},{"@type":"ImageObject","inLanguage":"en-US","@id":"https:\/\/jaguarplasticos.com.br\/codigo-de-conduta\/#primaryimage","url":"https:\/\/jaguarplasticos.com.br\/wp-content\/uploads\/2025\/12\/conduta-certa.jpg","contentUrl":"https:\/\/jaguarplasticos.com.br\/wp-content\/uploads\/2025\/12\/conduta-certa.jpg"},{"@type":"BreadcrumbList","@id":"https:\/\/jaguarplasticos.com.br\/codigo-de-conduta\/#breadcrumb","itemListElement":[{"@type":"ListItem","position":1,"name":"In\u00edcio","item":"https:\/\/jaguarplasticos.com.br\/"},{"@type":"ListItem","position":2,"name":"C\u00f3digo de Conduta"}]},{"@type":"WebSite","@id":"https:\/\/jaguarplasticos.com.br\/#website","url":"https:\/\/jaguarplasticos.com.br\/","name":"Jaguar Pl\u00e1sticos","description":"If it's a Jaguar, it's at home.","publisher":{"@id":"https:\/\/jaguarplasticos.com.br\/#organization"},"potentialAction":[{"@type":"SearchAction","target":{"@type":"EntryPoint","urlTemplate":"https:\/\/jaguarplasticos.com.br\/?s={search_term_string}"},"query-input":{"@type":"PropertyValueSpecification","valueRequired":true,"valueName":"search_term_string"}}],"inLanguage":"en-US"},{"@type":"Organization","@id":"https:\/\/jaguarplasticos.com.br\/#organization","name":"Jaguar Pl\u00e1sticos","url":"https:\/\/jaguarplasticos.com.br\/","logo":{"@type":"ImageObject","inLanguage":"en-US","@id":"https:\/\/jaguarplasticos.com.br\/#\/schema\/logo\/image\/","url":"https:\/\/jaguarplasticos.com.br\/wp-content\/uploads\/2025\/07\/271314228_1553122688381183_8198029478011754987_n.jpg","contentUrl":"https:\/\/jaguarplasticos.com.br\/wp-content\/uploads\/2025\/07\/271314228_1553122688381183_8198029478011754987_n.jpg","width":1080,"height":1080,"caption":"Jaguar Pl\u00e1sticos"},"image":{"@id":"https:\/\/jaguarplasticos.com.br\/#\/schema\/logo\/image\/"}}]}},"_links":{"self":[{"href":"https:\/\/jaguarplasticos.com.br\/en\/wp-json\/wp\/v2\/pages\/16777","targetHints":{"allow":["GET"]}}],"collection":[{"href":"https:\/\/jaguarplasticos.com.br\/en\/wp-json\/wp\/v2\/pages"}],"about":[{"href":"https:\/\/jaguarplasticos.com.br\/en\/wp-json\/wp\/v2\/types\/page"}],"author":[{"embeddable":true,"href":"https:\/\/jaguarplasticos.com.br\/en\/wp-json\/wp\/v2\/users\/1"}],"replies":[{"embeddable":true,"href":"https:\/\/jaguarplasticos.com.br\/en\/wp-json\/wp\/v2\/comments?post=16777"}],"version-history":[{"count":18,"href":"https:\/\/jaguarplasticos.com.br\/en\/wp-json\/wp\/v2\/pages\/16777\/revisions"}],"predecessor-version":[{"id":18157,"href":"https:\/\/jaguarplasticos.com.br\/en\/wp-json\/wp\/v2\/pages\/16777\/revisions\/18157"}],"wp:attachment":[{"href":"https:\/\/jaguarplasticos.com.br\/en\/wp-json\/wp\/v2\/media?parent=16777"}],"curies":[{"name":"wp","href":"https:\/\/api.w.org\/{rel}","templated":true}]}}